{"id":1795,"date":"2018-01-08T21:46:01","date_gmt":"2018-01-08T19:46:01","guid":{"rendered":"http:\/\/www.siremsyr.com\/?post_type=product&#038;p=1795"},"modified":"2026-04-18T16:12:38","modified_gmt":"2026-04-18T15:12:38","slug":"libro-polen-palm","status":"publish","type":"product","link":"https:\/\/www.siremsyr.com\/en\/producto\/libro-polen-palm","title":{"rendered":"Libro Polen Palm"},"content":{"rendered":"\t\t<div data-elementor-type=\"product-post\" data-elementor-id=\"1795\" class=\"elementor elementor-1795\" data-elementor-post-type=\"product\">\n\t\t\t\t\t\t\t\t\t<section class=\"elementor-section elementor-top-section elementor-element elementor-element-4db37600 elementor-section-boxed elementor-section-height-default elementor-section-height-default\" data-id=\"4db37600\" data-element_type=\"section\" data-settings=\"{&quot;background_background&quot;:&quot;classic&quot;}\">\n\t\t\t\t\t\t<div class=\"elementor-container elementor-column-gap-default\">\n\t\t\t\t\t<div class=\"elementor-column elementor-col-100 elementor-top-column elementor-element elementor-element-7bc575b7\" data-id=\"7bc575b7\" data-element_type=\"column\">\n\t\t\t<div class=\"elementor-widget-wrap elementor-element-populated\">\n\t\t\t\t\t\t\t\t<div class=\"elementor-element elementor-element-a119e75 elementor-widget elementor-widget-text-editor\" data-id=\"a119e75\" data-element_type=\"widget\" data-widget_type=\"text-editor.default\">\n\t\t\t\t<div class=\"elementor-widget-container\">\n\t\t\t<style>\/*! elementor - v3.18.0 - 20-12-2023 *\/\n.elementor-widget-text-editor.elementor-drop-cap-view-stacked .elementor-drop-cap{background-color:#69727d;color:#fff}.elementor-widget-text-editor.elementor-drop-cap-view-framed .elementor-drop-cap{color:#69727d;border:3px solid;background-color:transparent}.elementor-widget-text-editor:not(.elementor-drop-cap-view-default) .elementor-drop-cap{margin-top:8px}.elementor-widget-text-editor:not(.elementor-drop-cap-view-default) .elementor-drop-cap-letter{width:1em;height:1em}.elementor-widget-text-editor .elementor-drop-cap{float:left;text-align:center;line-height:1;font-size:50px}.elementor-widget-text-editor .elementor-drop-cap-letter{display:inline-block}<\/style>\t\t\t\t<h1 style=\"text-align: left;\"><strong>Polen palm &#8211; Polen de la palmera datilera de Al-Qassim<\/strong><\/h1><p>Tras leer este libro, cuando te encuentres una <strong>Palmera Datilera<\/strong>, la mirar\u00e1s con otros ojos, y no solo ver\u00e1s su belleza exterior, sino tambi\u00e9n el \u00abtesoro\u00bb que contienen sus flores y frutos.<\/p><p>\u00bfSab\u00edas que el polen de las flores de las palmeras de tallo largo llenas de d\u00e1tiles, que en m\u00e1s de una ocasi\u00f3n habr\u00e1s visto, que adornan parques y paseos mar\u00edtimos posee propiedades beneficiosas para tu salud? Seguro que no, como la mayor\u00eda de las personas, pero en este libro vas a descubrir un mundo fascinante alrededor de estas majestuosas palmeras de las cuales se aprovecha, incluso, sus hojas para elaborar adornos.<\/p><p>Conocedor de las propiedades terap\u00e9uticas de las <strong>plantas medicinales<\/strong> de tradici\u00f3n milenaria, el <strong>Dr.Wafik<\/strong> fund\u00f3 <strong>SIREM<\/strong><span style=\"color: #008000;\"><strong>SYR<\/strong><\/span>, una compa\u00f1\u00eda dedicada a la salud y bienestar de las personas a partir de productos de origen natural de la mejor calidad.<\/p><p>M\u00e1s de 35 a\u00f1os de experiencia en medicina, colaborando con varias de las mejores cl\u00ednicas de investigaci\u00f3n nacional e internacional.<\/p><p><img fetchpriority=\"high\" decoding=\"async\" class=\"aligncenter wp-image-2278 size-large\" title=\"Propiedades curativas del polen de la palmera datilera de Al-Qassim\" src=\"https:\/\/www.siremsyr.com\/wp-content\/uploads\/2018\/01\/tarjeta-presentaci\u00f3n-libro-POLEN-PALM-1024x512.jpg\" alt=\"\" width=\"960\" height=\"480\" srcset=\"https:\/\/www.siremsyr.com\/wp-content\/uploads\/2018\/01\/tarjeta-presentaci\u00f3n-libro-POLEN-PALM-1024x512.jpg 1024w, https:\/\/www.siremsyr.com\/wp-content\/uploads\/2018\/01\/tarjeta-presentaci\u00f3n-libro-POLEN-PALM-530x265.jpg 530w, https:\/\/www.siremsyr.com\/wp-content\/uploads\/2018\/01\/tarjeta-presentaci\u00f3n-libro-POLEN-PALM-300x150.jpg 300w, https:\/\/www.siremsyr.com\/wp-content\/uploads\/2018\/01\/tarjeta-presentaci\u00f3n-libro-POLEN-PALM-768x384.jpg 768w\" sizes=\"(max-width: 960px) 100vw, 960px\" \/><\/p><p>Los d\u00e1tiles que son los frutos por excelencia de la <strong>Palmera Datilera<\/strong>, de ah\u00ed su nombre, contienen gran cantidad de minerales, vitaminas y fitonutrientes esenciales para nuestro organismo, son f\u00e1ciles de digerir y para las antiguas civilizaciones era un alimento b\u00e1sico y siempre presente en la mesa a la hora de comer. Pero lo que muchos desconocen es que el <strong>polen de la Palmera Datilera<\/strong> (<strong><em>Phoenix dactylifera<\/em><\/strong>) contiene sustancias beneficiosas esenciales para el sistema reproductor, de ah\u00ed que en la antig\u00fcedad se le llamara \u00abla semilla de la fertilidad\u00bb.<\/p><p>\u00a0<\/p><p style=\"text-align: center;\"><strong>Presentaci\u00f3n completa POLEN PALM<\/strong><\/p><p style=\"text-align: center;\"><iframe src=\"https:\/\/www.youtube.com\/embed\/iPcQotplk2g\" width=\"560\" height=\"315\" frameborder=\"0\" allowfullscreen=\"allowfullscreen\"><\/iframe><\/p><p>El polen m\u00e1s valorado es el de las palmeras de Al-Qassim que el doctor Wafik, tras varios a\u00f1os de estudio, demostr\u00f3 que pose\u00eda minerales como el f\u00f3sforo, el magnesio, el potasio y el hierro, as\u00ed como la hormona estrona que es un buen afrodis\u00edaco natural para combatir la falta de apetito sexual y que su ingesta ayuda a aumentar la libido tanto en los hombres como en las mujeres.<\/p><p>Adem\u00e1s, el <strong>Polen palm<\/strong> es rico en enzimas necesarias para el metabolismo y aceites antioxidantes para activar y revitalizar las c\u00e9lulas del cuerpo.<\/p><p>\u00a0<\/p><p><img decoding=\"async\" class=\"aligncenter wp-image-889 \" title=\"Polen palm al-qassim\" src=\"https:\/\/www.siremsyr.com\/wp-content\/uploads\/2015\/02\/polen-palmera-polen-palm-2.png\" alt=\"\" width=\"554\" height=\"369\" srcset=\"https:\/\/www.siremsyr.com\/wp-content\/uploads\/2015\/02\/polen-palmera-polen-palm-2.png 800w, https:\/\/www.siremsyr.com\/wp-content\/uploads\/2015\/02\/polen-palmera-polen-palm-2-530x353.png 530w, https:\/\/www.siremsyr.com\/wp-content\/uploads\/2015\/02\/polen-palmera-polen-palm-2-300x200.png 300w\" sizes=\"(max-width: 554px) 100vw, 554px\" \/><\/p><p>\u00a0<\/p><p><strong>Sirem<span style=\"color: #008000;\">syr<\/span><\/strong>\u00a0acerca este poderoso remedio milenario de la mejor calidad en formato c\u00e1psulas de con una gran variedad de beneficios. <strong>El polen de la palmera datilera de Al-Qassim<\/strong> est\u00e1 valorado milenariamente como la semilla de la <strong>fertilidad<\/strong>.<\/p><p>\u00a0<\/p><p class=\"title style-scope ytd-video-primary-info-renderer\" style=\"text-align: center;\"><strong>Entrevista de Alex Arroyo sobre el Libro POLEN PALM con el director m\u00e9dico de Siremsyr<\/strong><\/p><p style=\"text-align: center;\"><iframe src=\"https:\/\/www.youtube.com\/embed\/ZcpHOsisrLA\" width=\"560\" height=\"315\" frameborder=\"0\" allowfullscreen=\"allowfullscreen\"><\/iframe><\/p><p>\u00a0<\/p>\t\t\t\t\t\t<\/div>\n\t\t\t\t<\/div>\n\t\t\t\t\t<\/div>\n\t\t<\/div>\n\t\t\t\t\t\t\t<\/div>\n\t\t<\/section>\n\t\t\t\t<section class=\"elementor-section elementor-top-section elementor-element elementor-element-6066e78 elementor-section-boxed elementor-section-height-default elementor-section-height-default\" data-id=\"6066e78\" data-element_type=\"section\">\n\t\t\t\t\t\t<div class=\"elementor-container elementor-column-gap-default\">\n\t\t\t\t\t<div class=\"elementor-column elementor-col-33 elementor-top-column elementor-element elementor-element-3c4d098\" data-id=\"3c4d098\" data-element_type=\"column\">\n\t\t\t<div class=\"elementor-widget-wrap elementor-element-populated\">\n\t\t\t\t\t\t\t\t<div class=\"elementor-element elementor-element-d2a8e71 elementor-align-center elementor-widget elementor-widget-button\" data-id=\"d2a8e71\" data-element_type=\"widget\" data-widget_type=\"button.default\">\n\t\t\t\t<div class=\"elementor-widget-container\">\n\t\t\t\t\t<div class=\"elementor-button-wrapper\">\n\t\t\t<a class=\"elementor-button elementor-button-link elementor-size-sm\" href=\"\/wp-content\/uploads\/2018\/01\/estudio-cientifico-polen-palm-polen-de-la-palmera-datilera.pdf\" target=\"_blank\">\n\t\t\t\t\t\t<span class=\"elementor-button-content-wrapper\">\n\t\t\t\t\t\t<span class=\"elementor-button-text\">Estudio cient\u00edfico<\/span>\n\t\t<\/span>\n\t\t\t\t\t<\/a>\n\t\t<\/div>\n\t\t\t\t<\/div>\n\t\t\t\t<\/div>\n\t\t\t\t\t<\/div>\n\t\t<\/div>\n\t\t\t\t<div class=\"elementor-column elementor-col-33 elementor-top-column elementor-element elementor-element-4ceca34\" data-id=\"4ceca34\" data-element_type=\"column\">\n\t\t\t<div class=\"elementor-widget-wrap elementor-element-populated\">\n\t\t\t\t\t\t\t\t<div class=\"elementor-element elementor-element-d312d89 elementor-align-center elementor-widget elementor-widget-button\" data-id=\"d312d89\" data-element_type=\"widget\" data-widget_type=\"button.default\">\n\t\t\t\t<div class=\"elementor-widget-container\">\n\t\t\t\t\t<div class=\"elementor-button-wrapper\">\n\t\t\t<a class=\"elementor-button elementor-button-link elementor-size-sm\" href=\"http:\/\/www.siremsyr.com\/wp-content\/uploads\/2015\/04\/Historia-Polen-Palm.pdf\" target=\"_blank\">\n\t\t\t\t\t\t<span class=\"elementor-button-content-wrapper\">\n\t\t\t\t\t\t<span class=\"elementor-button-text\">Conoce su historia<\/span>\n\t\t<\/span>\n\t\t\t\t\t<\/a>\n\t\t<\/div>\n\t\t\t\t<\/div>\n\t\t\t\t<\/div>\n\t\t\t\t\t<\/div>\n\t\t<\/div>\n\t\t\t\t<div class=\"elementor-column elementor-col-33 elementor-top-column elementor-element elementor-element-0184c33\" data-id=\"0184c33\" data-element_type=\"column\">\n\t\t\t<div class=\"elementor-widget-wrap elementor-element-populated\">\n\t\t\t\t\t\t\t\t<div class=\"elementor-element elementor-element-5a51351 elementor-align-center elementor-widget elementor-widget-button\" data-id=\"5a51351\" data-element_type=\"widget\" data-widget_type=\"button.default\">\n\t\t\t\t<div class=\"elementor-widget-container\">\n\t\t\t\t\t<div class=\"elementor-button-wrapper\">\n\t\t\t<a class=\"elementor-button elementor-button-link elementor-size-sm\" href=\"http:\/\/www.siremsyr.com\/wp-content\/uploads\/2015\/04\/Articulo-POLEN-PALM.pdf\" target=\"_blank\">\n\t\t\t\t\t\t<span class=\"elementor-button-content-wrapper\">\n\t\t\t\t\t\t<span class=\"elementor-button-text\">Art\u00edculo Polen Palm<\/span>\n\t\t<\/span>\n\t\t\t\t\t<\/a>\n\t\t<\/div>\n\t\t\t\t<\/div>\n\t\t\t\t<\/div>\n\t\t\t\t\t<\/div>\n\t\t<\/div>\n\t\t\t\t\t\t\t<\/div>\n\t\t<\/section>\n\t\t\t\t<section class=\"elementor-section elementor-top-section elementor-element elementor-element-a899f9e elementor-section-boxed elementor-section-height-default elementor-section-height-default\" data-id=\"a899f9e\" data-element_type=\"section\">\n\t\t\t\t\t\t<div class=\"elementor-container elementor-column-gap-default\">\n\t\t\t\t\t<div class=\"elementor-column elementor-col-100 elementor-top-column elementor-element elementor-element-78d3011\" data-id=\"78d3011\" data-element_type=\"column\">\n\t\t\t<div class=\"elementor-widget-wrap elementor-element-populated\">\n\t\t\t\t\t\t\t\t<div class=\"elementor-element elementor-element-51eaf1b elementor-widget elementor-widget-text-editor\" data-id=\"51eaf1b\" data-element_type=\"widget\" data-widget_type=\"text-editor.default\">\n\t\t\t\t<div class=\"elementor-widget-container\">\n\t\t\t\t\t\t\t<p>Una vez m\u00e1s, el mundo de las&nbsp;<span style=\"font-weight: 700;\">plantas medicinales<\/span>&nbsp;sorprende a una sociedad donde la&nbsp;<span style=\"font-weight: 700;\">salud y bienestar<\/span>&nbsp;est\u00e1n m\u00e1s presentes que nunca.<\/p><p><span style=\"font-weight: 700;\">Plantas medicinales<\/span>, como el&nbsp;<span style=\"font-weight: 700;\">comino negro<\/span>,&nbsp;<span style=\"font-weight: 700;\">el fenogreco<\/span>&nbsp;y&nbsp;<span style=\"font-weight: 700;\">el polen de la palmera datilera<\/span>, son algunos de los ingredientes esenciales de su gama de productos en&nbsp;<span style=\"font-weight: 700;\">Sirem<span style=\"color: rgb(0, 128, 0);\">syr<\/span><\/span>.<\/p>\t\t\t\t\t\t<\/div>\n\t\t\t\t<\/div>\n\t\t\t\t\t<\/div>\n\t\t<\/div>\n\t\t\t\t\t\t\t<\/div>\n\t\t<\/section>\n\t\t\t\t\t\t\t<\/div>\n\t\t","protected":false},"excerpt":{"rendered":"<p><strong>Dr. Wafik Al-Wattar<\/strong>, m\u00e9dico naturista especialista en urolog\u00eda y doctorado en diet\u00e9tica, comparte su experiencia y sabidur\u00eda escribiendo su segundo\u00a0libro: <strong><em>Propiedades del polen de la palmera datilera de Al-Qassim &#8211; <\/em>Polen palm<em>\u00a0<\/em><\/strong>en el que plasma los beneficios de esta semilla milenaria para la fertilidad.<\/p>\n<p>Por primera vez en Espa\u00f1a se edita un libro con la recopilaci\u00f3n de todos los estudios e investigaciones sobre esta semilla milenaria para la fertilidad.<\/p>\n","protected":false},"featured_media":20369,"comment_status":"open","ping_status":"closed","template":"","meta":[],"product_cat":[49,10],"product_tag":[],"acf":[],"yoast_head":"<!-- This site is optimized with the Yoast SEO plugin v21.7 - https:\/\/yoast.com\/wordpress\/plugins\/seo\/ -->\n<title>Libro Polen Palm - Polen de la palmera datilera<\/title>\n<meta name=\"description\" content=\"Por primera vez en Espa\u00f1a se edita un libro con la recopilaci\u00f3n de todos los estudios e investigaciones sobre la semilla de la fertilidad Polen palm.\" \/>\n<meta name=\"robots\" content=\"index, follow, max-snippet:-1, max-image-preview:large, max-video-preview:-1\" \/>\n<link rel=\"canonical\" href=\"https:\/\/www.siremsyr.com\/producto\/libro-polen-palm\" \/>\n<meta property=\"og:locale\" content=\"en_US\" \/>\n<meta property=\"og:type\" content=\"article\" \/>\n<meta property=\"og:title\" content=\"Libro Polen Palm - Polen de la palmera datilera\" \/>\n<meta property=\"og:description\" content=\"Por primera vez en Espa\u00f1a se edita un libro con la recopilaci\u00f3n de todos los estudios e investigaciones sobre la semilla de la fertilidad Polen palm.\" \/>\n<meta property=\"og:url\" content=\"https:\/\/www.siremsyr.com\/producto\/libro-polen-palm\" \/>\n<meta property=\"og:site_name\" content=\"Siremsyr\" \/>\n<meta property=\"article:publisher\" content=\"https:\/\/www.facebook.com\/siremsyrcom\/\" \/>\n<meta property=\"article:modified_time\" content=\"2026-04-18T15:12:38+00:00\" \/>\n<meta property=\"og:image\" content=\"https:\/\/www.siremsyr.com\/wp-content\/uploads\/2023\/12\/Polen-Palm-polen-de-la-palmera-datilera-libro.png\" \/>\n\t<meta property=\"og:image:width\" content=\"690\" \/>\n\t<meta property=\"og:image:height\" content=\"872\" \/>\n\t<meta property=\"og:image:type\" content=\"image\/png\" \/>\n<script type=\"application\/ld+json\" class=\"yoast-schema-graph\">{\"@context\":\"https:\/\/schema.org\",\"@graph\":[{\"@type\":\"WebPage\",\"@id\":\"https:\/\/www.siremsyr.com\/producto\/libro-polen-palm\",\"url\":\"https:\/\/www.siremsyr.com\/producto\/libro-polen-palm\",\"name\":\"Libro Polen Palm - Polen de la palmera datilera\",\"isPartOf\":{\"@id\":\"https:\/\/www.siremsyr.com\/#website\"},\"datePublished\":\"2018-01-08T19:46:01+00:00\",\"dateModified\":\"2026-04-18T15:12:38+00:00\",\"description\":\"Por primera vez en Espa\u00f1a se edita un libro con la recopilaci\u00f3n de todos los estudios e investigaciones sobre la semilla de la fertilidad Polen palm.\",\"breadcrumb\":{\"@id\":\"https:\/\/www.siremsyr.com\/producto\/libro-polen-palm#breadcrumb\"},\"inLanguage\":\"en-US\",\"potentialAction\":[{\"@type\":\"ReadAction\",\"target\":[\"https:\/\/www.siremsyr.com\/producto\/libro-polen-palm\"]}]},{\"@type\":\"BreadcrumbList\",\"@id\":\"https:\/\/www.siremsyr.com\/producto\/libro-polen-palm#breadcrumb\",\"itemListElement\":[{\"@type\":\"ListItem\",\"position\":1,\"name\":\"Inicio\",\"item\":\"https:\/\/www.siremsyr.com\/\"},{\"@type\":\"ListItem\",\"position\":2,\"name\":\"Tienda\",\"item\":\"https:\/\/www.siremsyr.com\/tienda\"},{\"@type\":\"ListItem\",\"position\":3,\"name\":\"Libro Polen Palm\"}]},{\"@type\":\"WebSite\",\"@id\":\"https:\/\/www.siremsyr.com\/#website\",\"url\":\"https:\/\/www.siremsyr.com\/\",\"name\":\"Siremsyr\",\"description\":\"Productos medicinales naturales creados con plantas y semillas de la medicina milenaria oriental, formulados por el Dr. Wafik Al-Wattar.\",\"publisher\":{\"@id\":\"https:\/\/www.siremsyr.com\/#organization\"},\"potentialAction\":[{\"@type\":\"SearchAction\",\"target\":{\"@type\":\"EntryPoint\",\"urlTemplate\":\"https:\/\/www.siremsyr.com\/?s={search_term_string}\"},\"query-input\":\"required name=search_term_string\"}],\"inLanguage\":\"en-US\"},{\"@type\":\"Organization\",\"@id\":\"https:\/\/www.siremsyr.com\/#organization\",\"name\":\"Siremsyr S.L.\",\"url\":\"https:\/\/www.siremsyr.com\/\",\"logo\":{\"@type\":\"ImageObject\",\"inLanguage\":\"en-US\",\"@id\":\"https:\/\/www.siremsyr.com\/#\/schema\/logo\/image\/\",\"url\":\"https:\/\/www.siremsyr.com\/wp-content\/uploads\/2025\/07\/productos-naturales-milenarios-siremsyr.jpg\",\"contentUrl\":\"https:\/\/www.siremsyr.com\/wp-content\/uploads\/2025\/07\/productos-naturales-milenarios-siremsyr.jpg\",\"width\":1280,\"height\":720,\"caption\":\"Siremsyr S.L.\"},\"image\":{\"@id\":\"https:\/\/www.siremsyr.com\/#\/schema\/logo\/image\/\"},\"sameAs\":[\"https:\/\/www.facebook.com\/siremsyrcom\/\",\"https:\/\/twitter.com\/siremsyr\",\"https:\/\/www.youtube.com\/@siremsyr\"]}]}<\/script>\n<!-- \/ Yoast SEO plugin. -->","yoast_head_json":{"title":"Libro Polen Palm - Polen de la palmera datilera","description":"Por primera vez en Espa\u00f1a se edita un libro con la recopilaci\u00f3n de todos los estudios e investigaciones sobre la semilla de la fertilidad Polen palm.","robots":{"index":"index","follow":"follow","max-snippet":"max-snippet:-1","max-image-preview":"max-image-preview:large","max-video-preview":"max-video-preview:-1"},"canonical":"https:\/\/www.siremsyr.com\/producto\/libro-polen-palm","og_locale":"en_US","og_type":"article","og_title":"Libro Polen Palm - Polen de la palmera datilera","og_description":"Por primera vez en Espa\u00f1a se edita un libro con la recopilaci\u00f3n de todos los estudios e investigaciones sobre la semilla de la fertilidad Polen palm.","og_url":"https:\/\/www.siremsyr.com\/producto\/libro-polen-palm","og_site_name":"Siremsyr","article_publisher":"https:\/\/www.facebook.com\/siremsyrcom\/","article_modified_time":"2026-04-18T15:12:38+00:00","og_image":[{"width":690,"height":872,"url":"https:\/\/www.siremsyr.com\/wp-content\/uploads\/2023\/12\/Polen-Palm-polen-de-la-palmera-datilera-libro.png","type":"image\/png"}],"schema":{"@context":"https:\/\/schema.org","@graph":[{"@type":"WebPage","@id":"https:\/\/www.siremsyr.com\/producto\/libro-polen-palm","url":"https:\/\/www.siremsyr.com\/producto\/libro-polen-palm","name":"Libro Polen Palm - Polen de la palmera datilera","isPartOf":{"@id":"https:\/\/www.siremsyr.com\/#website"},"datePublished":"2018-01-08T19:46:01+00:00","dateModified":"2026-04-18T15:12:38+00:00","description":"Por primera vez en Espa\u00f1a se edita un libro con la recopilaci\u00f3n de todos los estudios e investigaciones sobre la semilla de la fertilidad Polen palm.","breadcrumb":{"@id":"https:\/\/www.siremsyr.com\/producto\/libro-polen-palm#breadcrumb"},"inLanguage":"en-US","potentialAction":[{"@type":"ReadAction","target":["https:\/\/www.siremsyr.com\/producto\/libro-polen-palm"]}]},{"@type":"BreadcrumbList","@id":"https:\/\/www.siremsyr.com\/producto\/libro-polen-palm#breadcrumb","itemListElement":[{"@type":"ListItem","position":1,"name":"Inicio","item":"https:\/\/www.siremsyr.com\/"},{"@type":"ListItem","position":2,"name":"Tienda","item":"https:\/\/www.siremsyr.com\/tienda"},{"@type":"ListItem","position":3,"name":"Libro Polen Palm"}]},{"@type":"WebSite","@id":"https:\/\/www.siremsyr.com\/#website","url":"https:\/\/www.siremsyr.com\/","name":"Siremsyr","description":"Productos medicinales naturales creados con plantas y semillas de la medicina milenaria oriental, formulados por el Dr. Wafik Al-Wattar.","publisher":{"@id":"https:\/\/www.siremsyr.com\/#organization"},"potentialAction":[{"@type":"SearchAction","target":{"@type":"EntryPoint","urlTemplate":"https:\/\/www.siremsyr.com\/?s={search_term_string}"},"query-input":"required name=search_term_string"}],"inLanguage":"en-US"},{"@type":"Organization","@id":"https:\/\/www.siremsyr.com\/#organization","name":"Siremsyr S.L.","url":"https:\/\/www.siremsyr.com\/","logo":{"@type":"ImageObject","inLanguage":"en-US","@id":"https:\/\/www.siremsyr.com\/#\/schema\/logo\/image\/","url":"https:\/\/www.siremsyr.com\/wp-content\/uploads\/2025\/07\/productos-naturales-milenarios-siremsyr.jpg","contentUrl":"https:\/\/www.siremsyr.com\/wp-content\/uploads\/2025\/07\/productos-naturales-milenarios-siremsyr.jpg","width":1280,"height":720,"caption":"Siremsyr S.L."},"image":{"@id":"https:\/\/www.siremsyr.com\/#\/schema\/logo\/image\/"},"sameAs":["https:\/\/www.facebook.com\/siremsyrcom\/","https:\/\/twitter.com\/siremsyr","https:\/\/www.youtube.com\/@siremsyr"]}]}},"_links":{"self":[{"href":"https:\/\/www.siremsyr.com\/en\/wp-json\/wp\/v2\/product\/1795"}],"collection":[{"href":"https:\/\/www.siremsyr.com\/en\/wp-json\/wp\/v2\/product"}],"about":[{"href":"https:\/\/www.siremsyr.com\/en\/wp-json\/wp\/v2\/types\/product"}],"replies":[{"embeddable":true,"href":"https:\/\/www.siremsyr.com\/en\/wp-json\/wp\/v2\/comments?post=1795"}],"version-history":[{"count":12,"href":"https:\/\/www.siremsyr.com\/en\/wp-json\/wp\/v2\/product\/1795\/revisions"}],"predecessor-version":[{"id":21488,"href":"https:\/\/www.siremsyr.com\/en\/wp-json\/wp\/v2\/product\/1795\/revisions\/21488"}],"wp:featuredmedia":[{"embeddable":true,"href":"https:\/\/www.siremsyr.com\/en\/wp-json\/wp\/v2\/media\/20369"}],"wp:attachment":[{"href":"https:\/\/www.siremsyr.com\/en\/wp-json\/wp\/v2\/media?parent=1795"}],"wp:term":[{"taxonomy":"product_cat","embeddable":true,"href":"https:\/\/www.siremsyr.com\/en\/wp-json\/wp\/v2\/product_cat?post=1795"},{"taxonomy":"product_tag","embeddable":true,"href":"https:\/\/www.siremsyr.com\/en\/wp-json\/wp\/v2\/product_tag?post=1795"}],"curies":[{"name":"wp","href":"https:\/\/api.w.org\/{rel}","templated":true}]}}