{"id":51,"date":"2015-02-02T16:41:26","date_gmt":"2015-02-02T14:41:26","guid":{"rendered":"http:\/\/www.siremsyr.com\/?post_type=product&#038;p=51"},"modified":"2026-03-25T09:33:57","modified_gmt":"2026-03-25T08:33:57","slug":"golden-seed-aceite","status":"publish","type":"product","link":"https:\/\/www.siremsyr.com\/ca\/producto\/golden-seed-aceite","title":{"rendered":"GOLDEN SEED &#8211; ACEITE"},"content":{"rendered":"\t\t<div data-elementor-type=\"product-post\" data-elementor-id=\"51\" class=\"elementor elementor-51\" data-elementor-post-type=\"product\">\n\t\t\t\t\t\t\t\t\t<section class=\"elementor-section elementor-top-section elementor-element elementor-element-60593902 elementor-section-boxed elementor-section-height-default elementor-section-height-default\" data-id=\"60593902\" data-element_type=\"section\">\n\t\t\t\t\t\t<div class=\"elementor-container elementor-column-gap-default\">\n\t\t\t\t\t<div class=\"elementor-column elementor-col-100 elementor-top-column elementor-element elementor-element-533fd5cc\" data-id=\"533fd5cc\" data-element_type=\"column\">\n\t\t\t<div class=\"elementor-widget-wrap elementor-element-populated\">\n\t\t\t\t\t\t\t\t<div class=\"elementor-element elementor-element-2266d48d elementor-widget elementor-widget-text-editor\" data-id=\"2266d48d\" data-element_type=\"widget\" data-widget_type=\"text-editor.default\">\n\t\t\t\t<div class=\"elementor-widget-container\">\n\t\t\t<style>\/*! elementor - v3.18.0 - 20-12-2023 *\/\n.elementor-widget-text-editor.elementor-drop-cap-view-stacked .elementor-drop-cap{background-color:#69727d;color:#fff}.elementor-widget-text-editor.elementor-drop-cap-view-framed .elementor-drop-cap{color:#69727d;border:3px solid;background-color:transparent}.elementor-widget-text-editor:not(.elementor-drop-cap-view-default) .elementor-drop-cap{margin-top:8px}.elementor-widget-text-editor:not(.elementor-drop-cap-view-default) .elementor-drop-cap-letter{width:1em;height:1em}.elementor-widget-text-editor .elementor-drop-cap{float:left;text-align:center;line-height:1;font-size:50px}.elementor-widget-text-editor .elementor-drop-cap-letter{display:inline-block}<\/style>\t\t\t\t<p style=\"text-align: left;\"><strong>Aceite de comino negro 100%\u00a0puro<\/strong><\/p><p style=\"text-align: left;\"><strong>\u00bfQue es el comino negro?<\/strong><strong>\u00a0<\/strong><\/p><p style=\"text-align: left;\">Dice un proverbio \u00e1rabe que esta semilla (tambi\u00e9n denominada Ajenuz, negella, black seed, schwarzk\u00fcmmel, kalonji) \u201c<em>contiene el remedio para toda enfermedad salvo la muerte<\/em>\u201d. Es originaria de Siria, y se obtiene de la flor de la Nigella Sativa, de la que se extrae el aceite.<\/p><p style=\"text-align: left;\">Este aceite ya era conocido y usado por sus propiedades medicinales y curativas en el antiguo Egipto, habi\u00e9ndose encontrado restos en la tumba de Tutankamon.<\/p><p style=\"text-align: left;\">Desde la antig\u00fcedad, se conoc\u00edan sus efectos ben\u00e9ficos, en problemas digestivos, respiratorios, resfriados, dolores renales y dentales, etc.<\/p><p>\u00a0<\/p><p style=\"text-align: center;\"><a href=\"\/wp-content\/uploads\/2015\/04\/Articulo-GOLDEN-SEED.pdf\" target=\"_blank\" rel=\"noopener noreferrer\"><button class=\"ms-layer ms-btn ms-btn-round ms-btn-n msp-preset-btn-146 btn-siremsyr\">Ver Art\u00edculo<\/button><\/a><\/p><p>\u00a0<\/p><p style=\"text-align: left;\"><strong>El aceite de comino negro, en la medicina actual<\/strong><\/p><p style=\"text-align: left;\">En el a\u00f1o 1959 el investigador egipcio Dr. El Dakhary, hall\u00f3 que la nigelona era el principal activo del aceite de comino negro.<\/p><p><img fetchpriority=\"high\" decoding=\"async\" class=\"aligncenter wp-image-880 size-full\" title=\"Aceite de comino negro puro de Golden seed\" src=\"\/wp-content\/uploads\/2015\/02\/golden-seed-aceite-e1439675207373.png\" alt=\"golden-seed-aceite\" width=\"600\" height=\"400\" srcset=\"https:\/\/www.siremsyr.com\/wp-content\/uploads\/2015\/02\/golden-seed-aceite-e1439675207373.png 600w, https:\/\/www.siremsyr.com\/wp-content\/uploads\/2015\/02\/golden-seed-aceite-e1439675207373-530x353.png 530w\" sizes=\"(max-width: 600px) 100vw, 600px\" \/><\/p><p style=\"text-align: left;\">En 1985 fueron descubiertos altos contenidos en Timoquinona, y los \u00e1cidos oleico y linoleico entre otros, con m\u00e1s de cien principios activos.<\/p><p style=\"text-align: left;\"><strong>Beneficios del aceite de comino negro<\/strong><\/p><p style=\"text-align: left;\">Entre sus muchas propiedades, se destacan:<\/p><ul style=\"text-align: justify;\"><li style=\"text-align: left;\"><strong><a href=\"\/aceite-golden-seed-mitigar-enfermedades-piel\" target=\"_blank\" rel=\"noopener noreferrer\">Para el acn\u00e9, psoriasis y vit\u00edligo, para mitigar las enfermedades de la piel.<\/a><\/strong><\/li><li style=\"text-align: left;\"><strong><a href=\"\/golden-seed-aceite-para-tratar-dolencias-de-la-piel\" target=\"_blank\" rel=\"noopener noreferrer\">Para las dolencias de la piel como heridas, quemaduras, forunculos y abscesos.<\/a><\/strong><\/li><li style=\"text-align: left;\">Potencia la recarga del sistema inmunol\u00f3gico.<\/li><li style=\"text-align: left;\"><a href=\"\/aceite-golden-seed-aftersun-natural\" target=\"_blank\" rel=\"noopener noreferrer\"><strong>Aftersun\u00a0natural, embellece la piel y la mantiene saludable, <em>aporta vitamina D, efecto nutritivo, desinfectante, alisante y reafirmante.\u00a0<\/em><\/strong><\/a><\/li><li style=\"text-align: left;\">Los ginec\u00f3logos lo indican para las ulceraciones vaginales, candidiasis, bartolinitis, flujo, vaginitis, vulvitis y hongos.<\/li><li style=\"text-align: left;\">Bronceador de la piel ( <em>el aceite de los faraones<\/em> )<\/li><li style=\"text-align: left;\">Los otorrinolaring\u00f3logos lo utilizan para: Faringitis, laringitis, otitis, glositis, rinitis al\u00e9rgica, gengivitis, herpes labial, problemas dentales, bronquitis, sinusitis y asma bronquial.<\/li><\/ul><p style=\"text-align: center;\"><img decoding=\"async\" class=\"alignnone wp-image-1300 size-full\" title=\"Golden seed aceite de comino negro puro botella\" src=\"\/wp-content\/uploads\/2015\/02\/golden-seed-aceite-siremsyr-2-600x400.jpg\" alt=\"Golden seed aceite botella\" width=\"600\" height=\"400\" srcset=\"https:\/\/www.siremsyr.com\/wp-content\/uploads\/2015\/02\/golden-seed-aceite-siremsyr-2-600x400.jpg 600w, https:\/\/www.siremsyr.com\/wp-content\/uploads\/2015\/02\/golden-seed-aceite-siremsyr-2-600x400-530x353.jpg 530w, https:\/\/www.siremsyr.com\/wp-content\/uploads\/2015\/02\/golden-seed-aceite-siremsyr-2-600x400-300x200.jpg 300w\" sizes=\"(max-width: 600px) 100vw, 600px\" \/><\/p><p style=\"text-align: left;\">Los estudios en la medicina moderna nos indican que la mayor parte de las enfermedades se deben a un defecto funcional del sistema inmunol\u00f3gico.<\/p><p style=\"text-align: left;\">El aceite de comino negro, tomado con regularidad, aporta los elementos necesarios para reforzar el sistema inmunitario.<\/p><p style=\"text-align: left;\">Los amino\u00e1cidos contenidos en el aceite, junto con otras enzimas, son los responsables de transformar en el cuerpo, el aceite de comino negro contiene alto contenido en \u00e1cidos grasos, vegetales, amino\u00e1cidos, enzimas, minerales como calcio, potasio, f\u00f3sforo, magnesio, sodio y zinc. Tiene PGE.1 y PGE.2, que act\u00faan controlando as infecciones generales, activando la funci\u00f3n de los linfocitos y la inmunoglobina E.<\/p><p style=\"text-align: left;\">Al ser un producto cien por cien natural, el aceite de comino negro no tiene contraindicaciones.<\/p>\t\t\t\t\t\t<\/div>\n\t\t\t\t<\/div>\n\t\t\t\t\t<\/div>\n\t\t<\/div>\n\t\t\t\t\t\t\t<\/div>\n\t\t<\/section>\n\t\t\t\t\t\t\t<\/div>\n\t\t","protected":false},"excerpt":{"rendered":"<p style=\"text-align: justify;\">Golden seed Aceite de comino negro 100% es un producto alimenticio. El Golden Seed aceite est\u00e1 indicado para todas las edades, es un poderoso antioxidante para estimular las defensas. Est\u00e1 indicado para las enfermedades y dolencias de la piel como el acn\u00e9, la psoriasis o las quemaduras, as\u00ed como para el cabello y las u\u00f1as. Tambi\u00e9n se puede ingerir por v\u00eda oral para tratar faringitis, laringitis, sinusitis, otitis, herpes, bronquitis, asma bronquial e hipertensi\u00f3n.<\/p>\n<div class=\"notice5\">\n<ul>\n<li style=\"text-align: justify;\">Modo de empleo: 1 cucharadita de caf\u00e9 al d\u00eda (tambi\u00e9n se puede mezclar con zumos).<\/li>\n<\/ul>\n<\/div>\n","protected":false},"featured_media":20354,"comment_status":"open","ping_status":"closed","template":"","meta":[],"product_cat":[9],"product_tag":[],"acf":[],"yoast_head":"<!-- This site is optimized with the Yoast SEO plugin v21.7 - https:\/\/yoast.com\/wordpress\/plugins\/seo\/ -->\n<title>Aceite de comino negro - Golden Seed<\/title>\n<meta name=\"description\" content=\"Siremsyr te propone un producto de m\u00e1xima calidad. El golden seed producido a base de aceite de comino negro, tiene unos efectos sorprendentes...\" \/>\n<meta name=\"robots\" content=\"index, follow, max-snippet:-1, max-image-preview:large, max-video-preview:-1\" \/>\n<link rel=\"canonical\" href=\"https:\/\/www.siremsyr.com\/producto\/golden-seed-aceite\" \/>\n<meta property=\"og:locale\" content=\"ca_ES\" \/>\n<meta property=\"og:type\" content=\"article\" \/>\n<meta property=\"og:title\" content=\"Aceite de comino negro - Golden Seed\" \/>\n<meta property=\"og:description\" content=\"Siremsyr te propone un producto de m\u00e1xima calidad. El golden seed producido a base de aceite de comino negro, tiene unos efectos sorprendentes...\" \/>\n<meta property=\"og:url\" content=\"https:\/\/www.siremsyr.com\/producto\/golden-seed-aceite\" \/>\n<meta property=\"og:site_name\" content=\"Siremsyr\" \/>\n<meta property=\"article:publisher\" content=\"https:\/\/www.facebook.com\/siremsyrcom\/\" \/>\n<meta property=\"article:modified_time\" content=\"2026-03-25T08:33:57+00:00\" \/>\n<meta property=\"og:image\" content=\"https:\/\/www.siremsyr.com\/wp-content\/uploads\/2023\/12\/golden-seed-aceite-puro-siemsyr-e1490468099179.png\" \/>\n\t<meta property=\"og:image:width\" content=\"500\" \/>\n\t<meta property=\"og:image:height\" content=\"508\" \/>\n\t<meta property=\"og:image:type\" content=\"image\/png\" \/>\n<script type=\"application\/ld+json\" class=\"yoast-schema-graph\">{\"@context\":\"https:\/\/schema.org\",\"@graph\":[{\"@type\":\"WebPage\",\"@id\":\"https:\/\/www.siremsyr.com\/producto\/golden-seed-aceite\",\"url\":\"https:\/\/www.siremsyr.com\/producto\/golden-seed-aceite\",\"name\":\"Aceite de comino negro - Golden Seed\",\"isPartOf\":{\"@id\":\"https:\/\/www.siremsyr.com\/#website\"},\"datePublished\":\"2015-02-02T14:41:26+00:00\",\"dateModified\":\"2026-03-25T08:33:57+00:00\",\"description\":\"Siremsyr te propone un producto de m\u00e1xima calidad. El golden seed producido a base de aceite de comino negro, tiene unos efectos sorprendentes...\",\"breadcrumb\":{\"@id\":\"https:\/\/www.siremsyr.com\/producto\/golden-seed-aceite#breadcrumb\"},\"inLanguage\":\"ca\",\"potentialAction\":[{\"@type\":\"ReadAction\",\"target\":[\"https:\/\/www.siremsyr.com\/producto\/golden-seed-aceite\"]}]},{\"@type\":\"BreadcrumbList\",\"@id\":\"https:\/\/www.siremsyr.com\/producto\/golden-seed-aceite#breadcrumb\",\"itemListElement\":[{\"@type\":\"ListItem\",\"position\":1,\"name\":\"Inicio\",\"item\":\"https:\/\/www.siremsyr.com\/\"},{\"@type\":\"ListItem\",\"position\":2,\"name\":\"Tienda\",\"item\":\"https:\/\/www.siremsyr.com\/ca\/tienda-2\"},{\"@type\":\"ListItem\",\"position\":3,\"name\":\"GOLDEN SEED &#8211; ACEITE\"}]},{\"@type\":\"WebSite\",\"@id\":\"https:\/\/www.siremsyr.com\/#website\",\"url\":\"https:\/\/www.siremsyr.com\/\",\"name\":\"Siremsyr\",\"description\":\"Productos medicinales naturales creados con plantas y semillas de la medicina milenaria oriental, formulados por el Dr. Wafik Al-Wattar.\",\"publisher\":{\"@id\":\"https:\/\/www.siremsyr.com\/#organization\"},\"potentialAction\":[{\"@type\":\"SearchAction\",\"target\":{\"@type\":\"EntryPoint\",\"urlTemplate\":\"https:\/\/www.siremsyr.com\/?s={search_term_string}\"},\"query-input\":\"required name=search_term_string\"}],\"inLanguage\":\"ca\"},{\"@type\":\"Organization\",\"@id\":\"https:\/\/www.siremsyr.com\/#organization\",\"name\":\"Siremsyr S.L.\",\"url\":\"https:\/\/www.siremsyr.com\/\",\"logo\":{\"@type\":\"ImageObject\",\"inLanguage\":\"ca\",\"@id\":\"https:\/\/www.siremsyr.com\/#\/schema\/logo\/image\/\",\"url\":\"https:\/\/www.siremsyr.com\/wp-content\/uploads\/2025\/07\/productos-naturales-milenarios-siremsyr.jpg\",\"contentUrl\":\"https:\/\/www.siremsyr.com\/wp-content\/uploads\/2025\/07\/productos-naturales-milenarios-siremsyr.jpg\",\"width\":1280,\"height\":720,\"caption\":\"Siremsyr S.L.\"},\"image\":{\"@id\":\"https:\/\/www.siremsyr.com\/#\/schema\/logo\/image\/\"},\"sameAs\":[\"https:\/\/www.facebook.com\/siremsyrcom\/\",\"https:\/\/twitter.com\/siremsyr\",\"https:\/\/www.youtube.com\/@siremsyr\"]}]}<\/script>\n<!-- \/ Yoast SEO plugin. -->","yoast_head_json":{"title":"Aceite de comino negro - Golden Seed","description":"Siremsyr te propone un producto de m\u00e1xima calidad. El golden seed producido a base de aceite de comino negro, tiene unos efectos sorprendentes...","robots":{"index":"index","follow":"follow","max-snippet":"max-snippet:-1","max-image-preview":"max-image-preview:large","max-video-preview":"max-video-preview:-1"},"canonical":"https:\/\/www.siremsyr.com\/producto\/golden-seed-aceite","og_locale":"ca_ES","og_type":"article","og_title":"Aceite de comino negro - Golden Seed","og_description":"Siremsyr te propone un producto de m\u00e1xima calidad. El golden seed producido a base de aceite de comino negro, tiene unos efectos sorprendentes...","og_url":"https:\/\/www.siremsyr.com\/producto\/golden-seed-aceite","og_site_name":"Siremsyr","article_publisher":"https:\/\/www.facebook.com\/siremsyrcom\/","article_modified_time":"2026-03-25T08:33:57+00:00","og_image":[{"width":500,"height":508,"url":"https:\/\/www.siremsyr.com\/wp-content\/uploads\/2023\/12\/golden-seed-aceite-puro-siemsyr-e1490468099179.png","type":"image\/png"}],"schema":{"@context":"https:\/\/schema.org","@graph":[{"@type":"WebPage","@id":"https:\/\/www.siremsyr.com\/producto\/golden-seed-aceite","url":"https:\/\/www.siremsyr.com\/producto\/golden-seed-aceite","name":"Aceite de comino negro - Golden Seed","isPartOf":{"@id":"https:\/\/www.siremsyr.com\/#website"},"datePublished":"2015-02-02T14:41:26+00:00","dateModified":"2026-03-25T08:33:57+00:00","description":"Siremsyr te propone un producto de m\u00e1xima calidad. El golden seed producido a base de aceite de comino negro, tiene unos efectos sorprendentes...","breadcrumb":{"@id":"https:\/\/www.siremsyr.com\/producto\/golden-seed-aceite#breadcrumb"},"inLanguage":"ca","potentialAction":[{"@type":"ReadAction","target":["https:\/\/www.siremsyr.com\/producto\/golden-seed-aceite"]}]},{"@type":"BreadcrumbList","@id":"https:\/\/www.siremsyr.com\/producto\/golden-seed-aceite#breadcrumb","itemListElement":[{"@type":"ListItem","position":1,"name":"Inicio","item":"https:\/\/www.siremsyr.com\/"},{"@type":"ListItem","position":2,"name":"Tienda","item":"https:\/\/www.siremsyr.com\/ca\/tienda-2"},{"@type":"ListItem","position":3,"name":"GOLDEN SEED &#8211; ACEITE"}]},{"@type":"WebSite","@id":"https:\/\/www.siremsyr.com\/#website","url":"https:\/\/www.siremsyr.com\/","name":"Siremsyr","description":"Productos medicinales naturales creados con plantas y semillas de la medicina milenaria oriental, formulados por el Dr. Wafik Al-Wattar.","publisher":{"@id":"https:\/\/www.siremsyr.com\/#organization"},"potentialAction":[{"@type":"SearchAction","target":{"@type":"EntryPoint","urlTemplate":"https:\/\/www.siremsyr.com\/?s={search_term_string}"},"query-input":"required name=search_term_string"}],"inLanguage":"ca"},{"@type":"Organization","@id":"https:\/\/www.siremsyr.com\/#organization","name":"Siremsyr S.L.","url":"https:\/\/www.siremsyr.com\/","logo":{"@type":"ImageObject","inLanguage":"ca","@id":"https:\/\/www.siremsyr.com\/#\/schema\/logo\/image\/","url":"https:\/\/www.siremsyr.com\/wp-content\/uploads\/2025\/07\/productos-naturales-milenarios-siremsyr.jpg","contentUrl":"https:\/\/www.siremsyr.com\/wp-content\/uploads\/2025\/07\/productos-naturales-milenarios-siremsyr.jpg","width":1280,"height":720,"caption":"Siremsyr S.L."},"image":{"@id":"https:\/\/www.siremsyr.com\/#\/schema\/logo\/image\/"},"sameAs":["https:\/\/www.facebook.com\/siremsyrcom\/","https:\/\/twitter.com\/siremsyr","https:\/\/www.youtube.com\/@siremsyr"]}]}},"_links":{"self":[{"href":"https:\/\/www.siremsyr.com\/ca\/wp-json\/wp\/v2\/product\/51"}],"collection":[{"href":"https:\/\/www.siremsyr.com\/ca\/wp-json\/wp\/v2\/product"}],"about":[{"href":"https:\/\/www.siremsyr.com\/ca\/wp-json\/wp\/v2\/types\/product"}],"replies":[{"embeddable":true,"href":"https:\/\/www.siremsyr.com\/ca\/wp-json\/wp\/v2\/comments?post=51"}],"version-history":[{"count":12,"href":"https:\/\/www.siremsyr.com\/ca\/wp-json\/wp\/v2\/product\/51\/revisions"}],"predecessor-version":[{"id":20952,"href":"https:\/\/www.siremsyr.com\/ca\/wp-json\/wp\/v2\/product\/51\/revisions\/20952"}],"wp:featuredmedia":[{"embeddable":true,"href":"https:\/\/www.siremsyr.com\/ca\/wp-json\/wp\/v2\/media\/20354"}],"wp:attachment":[{"href":"https:\/\/www.siremsyr.com\/ca\/wp-json\/wp\/v2\/media?parent=51"}],"wp:term":[{"taxonomy":"product_cat","embeddable":true,"href":"https:\/\/www.siremsyr.com\/ca\/wp-json\/wp\/v2\/product_cat?post=51"},{"taxonomy":"product_tag","embeddable":true,"href":"https:\/\/www.siremsyr.com\/ca\/wp-json\/wp\/v2\/product_tag?post=51"}],"curies":[{"name":"wp","href":"https:\/\/api.w.org\/{rel}","templated":true}]}}