{"id":19159,"date":"2015-04-10T09:33:28","date_gmt":"2015-04-10T09:33:28","guid":{"rendered":"https:\/\/www.siremsyr.com\/aviso-legal"},"modified":"2025-11-14T13:51:22","modified_gmt":"2025-11-14T12:51:22","slug":"aviso-legal","status":"publish","type":"page","link":"https:\/\/www.siremsyr.com\/ca\/aviso-legal","title":{"rendered":"AVISO LEGAL"},"content":{"rendered":"<p><strong>I. INFORMACI\u00d3N GENERAL<\/strong><\/p>\n<p>Denominaci\u00f3n Social: SIREMSYR SL<\/p>\n<p>Nombre Comercial: SIREMSYR<\/p>\n<p>Domicilio Social: Av. Meridiana Num.30 Esc.A 08018 &#8211; Barcelona<\/p>\n<p>CIF \/ NIF: B65930216<\/p>\n<p>Objeto social: Realizaci\u00f3n Y Comercializaci\u00f3n De Estudios Sobre medicina Preventiva,&nbsp;Medicina Natural Y Plantas Medicinales. Representaci\u00f3n Y Comercializaci\u00f3n De art\u00edculos&nbsp;M\u00e9dicos, Para m\u00e9dicos Y Sanitarios. Etc.<\/p>\n<p>e-Mail: info@siremsyr.com<\/p>\n<p>Inscrita en el Registro Mercantil: tomo 43843 folio 82 hoja n\u00famero B-439990 el 31\/12\/2012, N\u00baentrada 04\/003149.<\/p>\n<p>Nombre de dominio: siremsyr.com<\/p>\n<p><strong>II. OBJETO<\/strong><\/p>\n<p>SIREMSYR S.L, responsable del sitio web, pone a disposici\u00f3n de los usuarios el presente&nbsp;documento con el que pretende dar cumplimiento a las obligaciones dispuestas en la Ley&nbsp;34\/2002, de Servicios de la Sociedad de la Informaci\u00f3n y del Comercio Electr\u00f3nico (LSSI-CE),&nbsp;as\u00ed como informar a todos los usuarios del sitio web respecto a cu\u00e1les son las condiciones de&nbsp;uso del sitio web.<\/p>\n<p>Toda persona que acceda a este sitio web asume el papel de usuario, comprometi\u00e9ndose a la&nbsp;observancia y cumplimiento riguroso de las disposiciones aqu\u00ed dispuestas, as\u00ed como a&nbsp;cualesquiera otra disposici\u00f3n legal que fuera de aplicaci\u00f3n.<\/p>\n<p>SIREMSYR S.L se reserva el derecho a modificar cualquier tipo de informaci\u00f3n que pudiera&nbsp;aparecer en el sitio web, sin que exista obligaci\u00f3n de preavisar o poner en conocimiento de los&nbsp;usuarios dichas obligaciones, entendi\u00e9ndose como suficiente con la publicaci\u00f3n en el sitio web&nbsp;SIREMSYR S.L.<\/p>\n<p><strong>III. RESPONSABILIDAD<\/strong><\/p>\n<p>SIREMSYR S.L se exime de cualquier tipo de responsabilidad derivada de la informaci\u00f3n&nbsp;publicada en su sitio web, siempre que esta informaci\u00f3n haya sido manipulada o introducida por&nbsp;un tercero ajeno al mismo.<\/p>\n<p>El sitio web www.siremsyr.com puede utilizar \u201ccookies\u201d (peque\u00f1os archivos de informaci\u00f3n que el&nbsp;servidor env\u00eda al ordenador de quien accede a la p\u00e1gina) para llevar a cabo determinadas&nbsp;funciones que son consideradas imprescindibles para el correcto funcionamiento y visualizaci\u00f3n&nbsp;del sitio. Las cookies utilizadas en el sitio web tienen, en todo caso, car\u00e1cter temporal con la&nbsp;\u00fanica finalidad de hacer m\u00e1s eficaz su transmisi\u00f3n ulterior y desaparecen al terminar la sesi\u00f3n&nbsp;del usuario. En ning\u00fan caso se utilizar\u00e1n las cookies para recoger informaci\u00f3n de car\u00e1cter&nbsp;personal ni de terceros.<\/p>\n<p>Desde el sitio web del cliente es posible que se redirija a contenidos de terceros sitios web. Dado&nbsp;que SIREMSYR S.L no puede controlar siempre los contenidos introducidos por los terceros en&nbsp;sus sitios web, \u00e9ste no asume ning\u00fan tipo de responsabilidad respecto a dichos contenidos. En&nbsp;todo caso, SIREMSYR S.L manifiesta que proceder\u00e1 a la retirada inmediata de cualquier&nbsp;contenido que pudiera contravenir la legislaci\u00f3n nacional o internacional, la moral o el orden&nbsp;p\u00fablico, procediendo a la retirada inmediata de la redirecci\u00f3n a dicho sitio web, poniendo en&nbsp;conocimiento de las autoridades competentes el contenido en cuesti\u00f3n.<\/p>\n<p>SIREMSYR S.L no se hace responsable de la informaci\u00f3n y contenidos almacenados, a t\u00edtulo&nbsp;enunciativo pero no limitativo, en foros, chat\u00b4s, generadores de blogs, comentarios, redes&nbsp;sociales o cualesquiera otro medio que permita a terceros publicar contenidos de forma&nbsp;independiente en la p\u00e1gina web www.siremsyr.com. No obstante y en cumplimiento de lo&nbsp;dispuesto en el art. 11 y 16 de la LSSI-CE, SIREMSYR S.L se pone a disposici\u00f3n de todos los&nbsp;usuarios, autoridades y fuerzas de seguridad, y colaborando de forma activa en la retirada o en&nbsp;su caso bloqueo de todos aquellos contenidos que pudieran afectar o contravenir la legislaci\u00f3n&nbsp;nacional, o internacional, derechos de terceros o la moral y el orden p\u00fablico. En caso de que el&nbsp;usuario considere que existe en el sitio web alg\u00fan contenido que pudiera ser susceptible de esta&nbsp;clasificaci\u00f3n, se ruega lo notifique de forma inmediata al administrador del sitio web.<\/p>\n<p>Este sitio web ha sido revisado y probado para que funcione correctamente. En principio, puede&nbsp;garantizarse el correcto funcionamiento los 365 d\u00edas del a\u00f1o, 24 horas al d\u00eda. No obstante,&nbsp;SIREMSYR S.L no descarta la posibilidad de que existan ciertos errores de programaci\u00f3n, o que&nbsp;acontezcan causas de fuerza mayor, cat\u00e1strofes naturales, huelgas, o circunstancias semejantes&nbsp;que hagan imposible el acceso a la p\u00e1gina web.<\/p>\n<p><strong>IV. PROTECCI\u00d3N DE DATOS PERSONALES<\/strong><\/p>\n<p>SIREMSYR S.L se encuentra profundamente comprometido con el cumplimiento de la normativa&nbsp;espa\u00f1ola de protecci\u00f3n de datos de car\u00e1cter personal, y garantiza el cumplimiento \u00edntegro de las&nbsp;obligaciones dispuestas, as\u00ed como la implementaci\u00f3n de las medidas de seguridad dispuestas en&nbsp;el art. 9 de la Ley 15\/1999, de Protecci\u00f3n de Datos de Car\u00e1cter Personal (LOPD) y en el&nbsp;Reglamento de Desarrollo de la LOPD.<\/p>\n<p>SIREMSYR S.L pone a disposici\u00f3n de los usuarios su pol\u00edtica de privacidad, localizada en este&nbsp;documento, mediante la cual se informa a los usuarios respecto a los siguientes aspectos:<\/p>\n<p>&#8211; Datos del Responsable del tratamiento.<\/p>\n<p>&#8211; Datos tratados.<\/p>\n<p>&#8211; Fichero en el que se almacenan.<\/p>\n<p>&#8211; Finalidad del tratamiento.<\/p>\n<p>&#8211; Obligatoriedad o no de facilitarlos, as\u00ed como las consecuencias en caso de no facilitarlos.<\/p>\n<p>&#8211; Sobre los derechos que asisten a todo usuario y el procedimiento para ejercitarlos.<\/p>\n<p><strong>V. PROPIEDAD INTELECTUAL E INDUSTRIAL<\/strong><\/p>\n<p>El sitio web, incluyendo a t\u00edtulo enunciativo pero no limitativo su programaci\u00f3n, edici\u00f3n,&nbsp;compilaci\u00f3n y dem\u00e1s elementos necesarios para su funcionamiento, los dise\u00f1os, logotipos, texto&nbsp;y\/o gr\u00e1ficos son propiedad SIREMSYR S.L o en su caso dispone de licencia o autorizaci\u00f3n&nbsp;expresa por parte de los autores. Todos los contenidos del sitio web se encuentran debidamente&nbsp;protegidos por la normativa de propiedad intelectual e industrial, as\u00ed como inscritos en los&nbsp;registros p\u00fablicos correspondientes.<\/p>\n<p>Independientemente de la finalidad para la que fueran destinados, la reproducci\u00f3n total o parcial,&nbsp;uso, explotaci\u00f3n, distribuci\u00f3n y comercializaci\u00f3n, requiere en todo caso de la autorizaci\u00f3n escrita&nbsp;previa por parte SIREMSYR S.L. Cualquier uso no autorizado previamente por parte SIREMSYR&nbsp;S.L ser\u00e1 considerado un incumplimiento grave de los derechos de propiedad intelectual o&nbsp;industrial del autor.<\/p>\n<p>Los dise\u00f1os, logotipos, texto y\/o gr\u00e1ficos ajenos a SIREMSYR S.L y que pudieran aparecer en el&nbsp;sitio web, pertenecen a sus respectivos propietarios, siendo ellos mismos responsables de&nbsp;cualquier posible controversia que pudiera suscitarse respecto a los mismos. En todo caso,&nbsp;SIREMSYR S.L cuenta con la autorizaci\u00f3n expresa y previa por parte de los mismos.<\/p>\n<p>SIREMSYR S.L reconoce a favor de sus titulares los correspondientes derechos de propiedad&nbsp;industrial e intelectual, no implicando su sola menci\u00f3n o aparici\u00f3n en el sitio web la existencia de&nbsp;derechos o responsabilidad alguna SIREMSYR S.L sobre los mismos, como tampoco respaldo,&nbsp;patrocinio o recomendaci\u00f3n por parte del mismo.<\/p>\n<p>Para realizar cualquier tipo de observaci\u00f3n respecto a posibles incumplimientos de los derechos&nbsp;de propiedad intelectual o industrial, as\u00ed como sobre cualquiera de los contenidos del sitio web,&nbsp;puede hacerlo a trav\u00e9s del siguiente correo electr\u00f3nico: info@siremsyr.com.<\/p>\n<p><strong>VI. POL\u00cdTICA DE PRIVACIDAD DE DATOS<\/strong><\/p>\n<p>De conformidad con lo dispuesto en la Ley Org\u00e1nica 15\/1999, de Protecci\u00f3n de Datos de&nbsp;Car\u00e1cter Personal (LOPD) y su normativa de desarrollo, el responsable del sitio web, en&nbsp;cumplimiento de lo dispuesto en el art. 5 y 6 de la LOPD, informa a todos los usuarios del sitio&nbsp;web que faciliten o vayan a facilitar sus datos personales, que estos ser\u00e1n incorporados en un&nbsp;fichero automatizado que se encuentra debidamente inscrito en la Agencia Espa\u00f1ola de&nbsp;Protecci\u00f3n de Datos.<\/p>\n<p>Los usuarios, mediante la marcaci\u00f3n de la casilla, aceptan expresamente y de forma libre e&nbsp;inequ\u00edvoca que sus datos personales sean tratados por parte de SIREMSYR S.L para realizar&nbsp;las siguientes finalidades:<\/p>\n<p>1. Remisi\u00f3n de comunicaciones comerciales publicitarias por e-mail, comunidades sociales o&nbsp;cualesquier otro medio electr\u00f3nico o f\u00edsico, presente o futuro, que posibilite realizar&nbsp;comunicaci\u00f3n comerciales. Dichas comunicaciones comerciales ser\u00e1n relacionadas sobre&nbsp;productos o servicios ofrecidos por SIREMSYR S.L, as\u00ed como por parte de los&nbsp;colaboradores o partners con los que \u00e9ste hubiera alcanzado alg\u00fan acuerdo de promoci\u00f3n&nbsp;comercial entre sus clientes. En este caso, los terceros nunca tendr\u00e1n acceso a los datos&nbsp;personales. En todo caso las comunicaciones comerciales ser\u00e1n realizadas por parte de&nbsp;SIREMSYR S.L y ser\u00e1n de productos y servicios relacionados con el sector de SIREMSYR&nbsp;S.L.<\/p>\n<p>2. Realizar estudios estad\u00edsticos con datos disociados.<\/p>\n<p>3. Tramitar encargos, solicitudes o cualquier tipo de petici\u00f3n que sea realizada por el usuario&nbsp;a trav\u00e9s de cualquiera de las formas de contacto que se ponen a disposici\u00f3n del usuario en&nbsp;el sitio web de la compa\u00f1\u00eda.<\/p>\n<p>SIREMSYR S.L informa y garantiza expresamente a los usuarios que sus datos personales no&nbsp;ser\u00e1n cedidos en ning\u00fan caso a terceras compa\u00f1\u00edas, y que siempre que fuera a realizarse alg\u00fan&nbsp;tipo de cesi\u00f3n de datos personales, de forma previa, se solicitar\u00eda el consentimiento expreso,&nbsp;informado, e inequ\u00edvoco por parte de los titulares.<\/p>\n<p>Todos los datos solicitados a trav\u00e9s del sitio web son obligatorios, ya que son necesarios para la&nbsp;prestaci\u00f3n de un servicio \u00f3ptimo al usuario. En caso de que no sean facilitados todos los datos,&nbsp;SIREMSYR S.L no garantiza que la informaci\u00f3n y servicios facilitados sean completamente&nbsp;ajustados a sus necesidades.<\/p>\n<p>SIREMSYR S.L garantiza en todo caso al usuario el ejercicio de los derechos de acceso,&nbsp;rectificaci\u00f3n, cancelaci\u00f3n, informaci\u00f3n y oposici\u00f3n, en los t\u00e9rminos dispuestos en la legislaci\u00f3n&nbsp;vigente. Por ello, de conformidad con lo dispuesto en la Ley Org\u00e1nica 15\/1999, de Protecci\u00f3n de&nbsp;Datos de Car\u00e1cter Personal (LOPD) podr\u00e1 ejercer sus derechos remitiendo una solicitud&nbsp;expresa, junto a una copia de su DNI, a trav\u00e9s de la direcci\u00f3n de correo electr\u00f3nico:&nbsp;lopd@siremsyr.com.<\/p>\n<p>Del mismo modo, el usuario podr\u00e1 darse de baja de cualquiera de los servicios de suscripci\u00f3n&nbsp;facilitados enviando un correo electr\u00f3nico a la direcci\u00f3n info@siremsyr.com.<\/p>\n<p>Del mismo modo, SIREMSYR S.L ha adoptado todas las medidas t\u00e9cnicas y organizativas&nbsp;necesarias para garantizar la seguridad e integridad de los datos de car\u00e1cter personal que trate,&nbsp;as\u00ed como para evitar su p\u00e9rdida, alteraci\u00f3n y\/o acceso por parte de terceros no autorizados.<\/p>\n<p><strong>VII. USO DE COOKIES Y DEL FICHERO DE ACTIVIDAD<\/strong><\/p>\n<p>SIREMSYR S.L por su propia cuenta o la de un tercero contratado para la prestaci\u00f3n de&nbsp;servicios de medici\u00f3n, pueden utilizar cookies cuando un usuario navega por el sitio web. Las&nbsp;cookies son ficheros enviados al navegador por medio de un servidor web con la finalidad de&nbsp;registrar las actividades del usuario durante su tiempo de navegaci\u00f3n.&nbsp;Las cookies utilizadas por el sitio web se asocian \u00fanicamente con un usuario an\u00f3nimo y su&nbsp;ordenador, y no proporcionan por s\u00ed mismas los datos personales del usuario.<\/p>\n<p>Mediante el uso de las cookies resulta posible que el servidor donde se encuentra la web,&nbsp;reconozca el navegador web utilizado por el usuario con la finalidad de que la navegaci\u00f3n sea&nbsp;m\u00e1s sencilla, permitiendo, por ejemplo, el acceso a los usuarios que se hayan registrado&nbsp;previamente, acceder a las \u00e1reas, servicios, promociones o concursos reservados&nbsp;exclusivamente a ellos sin tener que registrarse en cada visita. Se utilizan tambi\u00e9n para medir la&nbsp;audiencia y par\u00e1metros del tr\u00e1fico, controlar el progreso y n\u00famero de entradas.<\/p>\n<p>El usuario tiene la posibilidad de configurar su navegador para ser avisado de la recepci\u00f3n de&nbsp;cookies y para impedir su instalaci\u00f3n en su equipo. Por favor, consulte las instrucciones y&nbsp;manuales de su navegador para ampliar esta informaci\u00f3n.&nbsp;Para utilizar el sitio web, no resulta necesario que el usuario permita la instalaci\u00f3n de las cookies&nbsp;enviadas por el sitio web, o el tercero que act\u00fae en su nombre, sin perjuicio de que sea&nbsp;necesario que el usuario inicie una sesi\u00f3n como tal en cada uno de los servicios cuya prestaci\u00f3n&nbsp;requiera el previo registro o \u201clogin\u201d.<\/p>\n<p>Las cookies utilizadas en este sitio web tienen, en todo caso, car\u00e1cter temporal con la \u00fanica&nbsp;finalidad de hacer m\u00e1s eficaz su transmisi\u00f3n ulterior. En ning\u00fan caso se utilizar\u00e1n las cookies&nbsp;para recoger informaci\u00f3n de car\u00e1cter personal.<\/p>\n<p>DIRECCIONES IP<\/p>\n<p>Los servidores del sitio web podr\u00e1n detectar de manera autom\u00e1tica la direcci\u00f3n IP y el nombre&nbsp;de dominio utilizados por el usuario. Una direcci\u00f3n IP es un n\u00famero asignado autom\u00e1ticamente a&nbsp;un ordenador cuando \u00e9sta se conecta a Internet. Toda esta informaci\u00f3n es registrada en un&nbsp;fichero de actividad del servidor debidamente inscrito que permite el posterior procesamiento de&nbsp;los datos con el fin de obtener mediciones \u00fanicamente estad\u00edsticas que permitan conocer el&nbsp;n\u00famero de impresiones de p\u00e1ginas, el n\u00famero de visitas realizadas a los servicios web, el orden&nbsp;de visitas, el punto de acceso, etc.<\/p>\n<p>SEGURIDAD<\/p>\n<p>El sitio web utiliza t\u00e9cnicas de seguridad de la informaci\u00f3n generalmente aceptadas en la&nbsp;industria, tales como firewalls, procedimientos de control de acceso y otros mecanismos de&nbsp;seguridad, todo ello con el objeto de evitar el acceso no autorizado a los datos. Para lograr estos&nbsp;fines, el usuario\/cliente acepta que SIREMSYR S.L obtenga datos para efectos de la&nbsp;correspondiente autenticaci\u00f3n de los controles de acceso.<\/p>\n<p><strong>VIII. LEY APLICABLE Y JURISDICCI\u00d3N<\/strong><\/p>\n<p>Para la resoluci\u00f3n de todas las controversias o cuestiones relacionadas con el presente sitio web&nbsp;o de las actividades en \u00e9l desarrolladas, ser\u00e1 de aplicaci\u00f3n la legislaci\u00f3n espa\u00f1ola, a la que se&nbsp;someten expresamente las partes, siendo competentes para la resoluci\u00f3n de todos los conflictos&nbsp;derivados o relacionados con su uso los Juzgados y Tribunales de Barcelona.<\/p>\n","protected":false},"excerpt":{"rendered":"<p>I. INFORMACI\u00d3N GENERAL Denominaci\u00f3n Social: SIREMSYR SL Nombre Comercial: SIREMSYR Domicilio Social: Av. Meridiana Num.30 Esc.A 08018 &#8211; Barcelona CIF \/ NIF: B65930216 Objeto social: Realizaci\u00f3n Y Comercializaci\u00f3n De Estudios Sobre medicina Preventiva,&nbsp;Medicina Natural Y Plantas Medicinales. Representaci\u00f3n Y Comercializaci\u00f3n De art\u00edculos&nbsp;M\u00e9dicos, Para m\u00e9dicos Y Sanitarios. Etc. e-Mail: info@siremsyr.com Inscrita en el Registro Mercantil: tomo &#8230; <a title=\"AVISO LEGAL\" class=\"read-more\" href=\"https:\/\/www.siremsyr.com\/ca\/aviso-legal\" aria-label=\"More on AVISO LEGAL\">Read more<\/a><\/p>\n","protected":false},"author":11,"featured_media":0,"parent":0,"menu_order":0,"comment_status":"closed","ping_status":"open","template":"","meta":{"footnotes":""},"acf":[],"yoast_head":"<!-- This site is optimized with the Yoast SEO plugin v21.7 - https:\/\/yoast.com\/wordpress\/plugins\/seo\/ -->\n<title>AVISO LEGAL - Siremsyr<\/title>\n<meta name=\"description\" content=\"Aviso legal: toda persona que acceda a este sitio web asume el papel de usuario, comprometi\u00e9ndose a la observancia y cumplimiento riguroso de las disposiciones aqu\u00ed dispuestas, as\u00ed como a cualesquiera otra disposici\u00f3n legal que fuera de aplicaci\u00f3n.\" \/>\n<meta name=\"robots\" content=\"index, follow, max-snippet:-1, max-image-preview:large, max-video-preview:-1\" \/>\n<link rel=\"canonical\" href=\"https:\/\/www.siremsyr.com\/ca\/aviso-legal\" \/>\n<meta property=\"og:locale\" content=\"ca_ES\" \/>\n<meta property=\"og:type\" content=\"article\" \/>\n<meta property=\"og:title\" content=\"AVISO LEGAL - Siremsyr\" \/>\n<meta property=\"og:description\" content=\"Aviso legal: toda persona que acceda a este sitio web asume el papel de usuario, comprometi\u00e9ndose a la observancia y cumplimiento riguroso de las disposiciones aqu\u00ed dispuestas, as\u00ed como a cualesquiera otra disposici\u00f3n legal que fuera de aplicaci\u00f3n.\" \/>\n<meta property=\"og:url\" content=\"https:\/\/www.siremsyr.com\/ca\/aviso-legal\" \/>\n<meta property=\"og:site_name\" content=\"Siremsyr\" \/>\n<meta property=\"article:publisher\" content=\"https:\/\/www.facebook.com\/siremsyrcom\/\" \/>\n<meta property=\"article:modified_time\" content=\"2025-11-14T12:51:22+00:00\" \/>\n<meta name=\"twitter:label1\" content=\"Est. reading time\" \/>\n\t<meta name=\"twitter:data1\" content=\"12 minutes\" \/>\n<script type=\"application\/ld+json\" class=\"yoast-schema-graph\">{\"@context\":\"https:\/\/schema.org\",\"@graph\":[{\"@type\":\"WebPage\",\"@id\":\"https:\/\/www.siremsyr.com\/ca\/aviso-legal\",\"url\":\"https:\/\/www.siremsyr.com\/ca\/aviso-legal\",\"name\":\"AVISO LEGAL - Siremsyr\",\"isPartOf\":{\"@id\":\"https:\/\/www.siremsyr.com\/#website\"},\"datePublished\":\"2015-04-10T09:33:28+00:00\",\"dateModified\":\"2025-11-14T12:51:22+00:00\",\"description\":\"Aviso legal: toda persona que acceda a este sitio web asume el papel de usuario, comprometi\u00e9ndose a la observancia y cumplimiento riguroso de las disposiciones aqu\u00ed dispuestas, as\u00ed como a cualesquiera otra disposici\u00f3n legal que fuera de aplicaci\u00f3n.\",\"breadcrumb\":{\"@id\":\"https:\/\/www.siremsyr.com\/ca\/aviso-legal#breadcrumb\"},\"inLanguage\":\"ca\",\"potentialAction\":[{\"@type\":\"ReadAction\",\"target\":[\"https:\/\/www.siremsyr.com\/ca\/aviso-legal\"]}]},{\"@type\":\"BreadcrumbList\",\"@id\":\"https:\/\/www.siremsyr.com\/ca\/aviso-legal#breadcrumb\",\"itemListElement\":[{\"@type\":\"ListItem\",\"position\":1,\"name\":\"Inicio\",\"item\":\"https:\/\/www.siremsyr.com\/\"},{\"@type\":\"ListItem\",\"position\":2,\"name\":\"AVISO LEGAL\"}]},{\"@type\":\"WebSite\",\"@id\":\"https:\/\/www.siremsyr.com\/#website\",\"url\":\"https:\/\/www.siremsyr.com\/\",\"name\":\"Siremsyr\",\"description\":\"Productos medicinales naturales creados con plantas y semillas de la medicina milenaria oriental, formulados por el Dr. Wafik Al-Wattar.\",\"publisher\":{\"@id\":\"https:\/\/www.siremsyr.com\/#organization\"},\"potentialAction\":[{\"@type\":\"SearchAction\",\"target\":{\"@type\":\"EntryPoint\",\"urlTemplate\":\"https:\/\/www.siremsyr.com\/?s={search_term_string}\"},\"query-input\":\"required name=search_term_string\"}],\"inLanguage\":\"ca\"},{\"@type\":\"Organization\",\"@id\":\"https:\/\/www.siremsyr.com\/#organization\",\"name\":\"Siremsyr S.L.\",\"url\":\"https:\/\/www.siremsyr.com\/\",\"logo\":{\"@type\":\"ImageObject\",\"inLanguage\":\"ca\",\"@id\":\"https:\/\/www.siremsyr.com\/#\/schema\/logo\/image\/\",\"url\":\"https:\/\/www.siremsyr.com\/wp-content\/uploads\/2025\/07\/productos-naturales-milenarios-siremsyr.jpg\",\"contentUrl\":\"https:\/\/www.siremsyr.com\/wp-content\/uploads\/2025\/07\/productos-naturales-milenarios-siremsyr.jpg\",\"width\":1280,\"height\":720,\"caption\":\"Siremsyr S.L.\"},\"image\":{\"@id\":\"https:\/\/www.siremsyr.com\/#\/schema\/logo\/image\/\"},\"sameAs\":[\"https:\/\/www.facebook.com\/siremsyrcom\/\",\"https:\/\/twitter.com\/siremsyr\",\"https:\/\/www.youtube.com\/@siremsyr\"]}]}<\/script>\n<!-- \/ Yoast SEO plugin. -->","yoast_head_json":{"title":"AVISO LEGAL - Siremsyr","description":"Aviso legal: toda persona que acceda a este sitio web asume el papel de usuario, comprometi\u00e9ndose a la observancia y cumplimiento riguroso de las disposiciones aqu\u00ed dispuestas, as\u00ed como a cualesquiera otra disposici\u00f3n legal que fuera de aplicaci\u00f3n.","robots":{"index":"index","follow":"follow","max-snippet":"max-snippet:-1","max-image-preview":"max-image-preview:large","max-video-preview":"max-video-preview:-1"},"canonical":"https:\/\/www.siremsyr.com\/ca\/aviso-legal","og_locale":"ca_ES","og_type":"article","og_title":"AVISO LEGAL - Siremsyr","og_description":"Aviso legal: toda persona que acceda a este sitio web asume el papel de usuario, comprometi\u00e9ndose a la observancia y cumplimiento riguroso de las disposiciones aqu\u00ed dispuestas, as\u00ed como a cualesquiera otra disposici\u00f3n legal que fuera de aplicaci\u00f3n.","og_url":"https:\/\/www.siremsyr.com\/ca\/aviso-legal","og_site_name":"Siremsyr","article_publisher":"https:\/\/www.facebook.com\/siremsyrcom\/","article_modified_time":"2025-11-14T12:51:22+00:00","twitter_misc":{"Est. reading time":"12 minutes"},"schema":{"@context":"https:\/\/schema.org","@graph":[{"@type":"WebPage","@id":"https:\/\/www.siremsyr.com\/ca\/aviso-legal","url":"https:\/\/www.siremsyr.com\/ca\/aviso-legal","name":"AVISO LEGAL - Siremsyr","isPartOf":{"@id":"https:\/\/www.siremsyr.com\/#website"},"datePublished":"2015-04-10T09:33:28+00:00","dateModified":"2025-11-14T12:51:22+00:00","description":"Aviso legal: toda persona que acceda a este sitio web asume el papel de usuario, comprometi\u00e9ndose a la observancia y cumplimiento riguroso de las disposiciones aqu\u00ed dispuestas, as\u00ed como a cualesquiera otra disposici\u00f3n legal que fuera de aplicaci\u00f3n.","breadcrumb":{"@id":"https:\/\/www.siremsyr.com\/ca\/aviso-legal#breadcrumb"},"inLanguage":"ca","potentialAction":[{"@type":"ReadAction","target":["https:\/\/www.siremsyr.com\/ca\/aviso-legal"]}]},{"@type":"BreadcrumbList","@id":"https:\/\/www.siremsyr.com\/ca\/aviso-legal#breadcrumb","itemListElement":[{"@type":"ListItem","position":1,"name":"Inicio","item":"https:\/\/www.siremsyr.com\/"},{"@type":"ListItem","position":2,"name":"AVISO LEGAL"}]},{"@type":"WebSite","@id":"https:\/\/www.siremsyr.com\/#website","url":"https:\/\/www.siremsyr.com\/","name":"Siremsyr","description":"Productos medicinales naturales creados con plantas y semillas de la medicina milenaria oriental, formulados por el Dr. Wafik Al-Wattar.","publisher":{"@id":"https:\/\/www.siremsyr.com\/#organization"},"potentialAction":[{"@type":"SearchAction","target":{"@type":"EntryPoint","urlTemplate":"https:\/\/www.siremsyr.com\/?s={search_term_string}"},"query-input":"required name=search_term_string"}],"inLanguage":"ca"},{"@type":"Organization","@id":"https:\/\/www.siremsyr.com\/#organization","name":"Siremsyr S.L.","url":"https:\/\/www.siremsyr.com\/","logo":{"@type":"ImageObject","inLanguage":"ca","@id":"https:\/\/www.siremsyr.com\/#\/schema\/logo\/image\/","url":"https:\/\/www.siremsyr.com\/wp-content\/uploads\/2025\/07\/productos-naturales-milenarios-siremsyr.jpg","contentUrl":"https:\/\/www.siremsyr.com\/wp-content\/uploads\/2025\/07\/productos-naturales-milenarios-siremsyr.jpg","width":1280,"height":720,"caption":"Siremsyr S.L."},"image":{"@id":"https:\/\/www.siremsyr.com\/#\/schema\/logo\/image\/"},"sameAs":["https:\/\/www.facebook.com\/siremsyrcom\/","https:\/\/twitter.com\/siremsyr","https:\/\/www.youtube.com\/@siremsyr"]}]}},"_links":{"self":[{"href":"https:\/\/www.siremsyr.com\/ca\/wp-json\/wp\/v2\/pages\/19159"}],"collection":[{"href":"https:\/\/www.siremsyr.com\/ca\/wp-json\/wp\/v2\/pages"}],"about":[{"href":"https:\/\/www.siremsyr.com\/ca\/wp-json\/wp\/v2\/types\/page"}],"author":[{"embeddable":true,"href":"https:\/\/www.siremsyr.com\/ca\/wp-json\/wp\/v2\/users\/11"}],"replies":[{"embeddable":true,"href":"https:\/\/www.siremsyr.com\/ca\/wp-json\/wp\/v2\/comments?post=19159"}],"version-history":[{"count":2294,"href":"https:\/\/www.siremsyr.com\/ca\/wp-json\/wp\/v2\/pages\/19159\/revisions"}],"predecessor-version":[{"id":24448,"href":"https:\/\/www.siremsyr.com\/ca\/wp-json\/wp\/v2\/pages\/19159\/revisions\/24448"}],"wp:attachment":[{"href":"https:\/\/www.siremsyr.com\/ca\/wp-json\/wp\/v2\/media?parent=19159"}],"curies":[{"name":"wp","href":"https:\/\/api.w.org\/{rel}","templated":true}]}}